{"id":2241,"date":"2024-11-29T15:23:24","date_gmt":"2024-11-29T15:23:24","guid":{"rendered":"http:\/\/tsme.org\/icome2025\/?page_id=2241"},"modified":"2025-12-03T14:42:21","modified_gmt":"2025-12-03T07:42:21","slug":"committee","status":"publish","type":"page","link":"https:\/\/tsme.org\/icome2025\/committee\/","title":{"rendered":"Committee"},"content":{"rendered":"\t\t<div data-elementor-type=\"wp-page\" data-elementor-id=\"2241\" class=\"elementor elementor-2241\" data-elementor-post-type=\"page\">\n\t\t\t\t<div class=\"elementor-element elementor-element-2566117 e-flex e-con-boxed e-con e-parent\" data-id=\"2566117\" data-element_type=\"container\" data-settings=\"{&quot;background_background&quot;:&quot;classic&quot;}\">\n\t\t\t\t\t<div class=\"e-con-inner\">\n\t\t\t\t\t<\/div>\n\t\t\t\t<\/div>\n\t\t<div class=\"elementor-element elementor-element-badd4dc e-con-full e-flex e-con e-child\" data-id=\"badd4dc\" data-element_type=\"container\">\n\t\t<div class=\"elementor-element elementor-element-d4c06c0 e-con-full e-flex e-con e-child\" data-id=\"d4c06c0\" data-element_type=\"container\" data-settings=\"{&quot;background_background&quot;:&quot;classic&quot;}\">\n\t\t\t\t<div class=\"elementor-element elementor-element-c8e1334 elementor-widget elementor-widget-heading\" data-id=\"c8e1334\" data-element_type=\"widget\" data-widget_type=\"heading.default\">\n\t\t\t\t\t<h1 class=\"elementor-heading-title elementor-size-default\">Committee<\/h1>\t\t\t\t<\/div>\n\t\t\t\t<\/div>\n\t\t\t\t<\/div>\n\t\t<div class=\"elementor-element elementor-element-6c38b82 e-flex e-con-boxed e-con e-parent\" data-id=\"6c38b82\" data-element_type=\"container\">\n\t\t\t\t\t<div class=\"e-con-inner\">\n\t\t\t\t<div class=\"elementor-element elementor-element-d5d27f2 elementor-widget elementor-widget-text-editor\" data-id=\"d5d27f2\" data-element_type=\"widget\" data-widget_type=\"text-editor.default\">\n\t\t\t\t\t\t\t\t\t<h3 style=\"font-weight: 300;\"><strong>Thai Society of Mechanical Engineers (TSME) Organizing Committee<\/strong><\/h3><ul style=\"padding-left: 20px; font-weight: 300;\"><li><strong>Honorary Chair<\/strong><br \/>Prof. Dr. Smith Eiamsa-ard, President<\/li><li><strong>Vice Presidents<\/strong><br \/>Assoc. Prof. Dr. Amornrat Kaewpradap<br \/>Prof. Dr. Pairod Singhatanadgid<\/li><li><strong>Receptionist<\/strong><br \/>Asst. Prof. Dr. Pornthip Keangin<\/li><li><strong>Registrar<\/strong><br \/>Assoc. Prof. Dr. Pitak Promthaisong<\/li><li><strong>Public Relations<\/strong><br \/>Asst. Prof. Dr. Arnut Phila<\/li><li><strong>Treasurer<\/strong><br \/>Asst. Prof. Dr. Sopida Sungsontorn<\/li><li><strong>Secretary<\/strong><br \/>Asst. Prof. Dr. Ponepen Laphirattanakul<\/li><li><strong>Committee Members<\/strong><br \/>Assoc. Prof. Dr. Nattadon Pannucharoenwong<br \/>Assoc. Prof. Dr. Anchasa Pramuansjaroenkij<br \/>Assoc. Prof. Dr. Petch Jeeranaisilawong<br \/>Assoc. Prof. Dr. Ronnachart Munsin<br \/>Wg. Cdr. Assoc. Prof. Jeerasak Moudpoklang<br \/>Asst. Prof. Dr. Pinyo Puangmali<br \/>Asst. Prof. Dr. Suriya Chokphoemphun<br \/>Asst. Prof. Dr. Arwut Lapirattanakun<br \/>Asst. Prof. Dr. Attaphon Chaimanatsakun<br \/>Asst. Prof. Dr. Prachaya Samruaisin<br \/>Asst. Prof. Dr. Denchai Woradechjumroen<br \/>Asst. Prof. Dr. Danai Phaoharuhans<\/li><\/ul><p><!-- \u0e22\u0e49\u0e32\u0e22\u0e2d\u0e2d\u0e01\u0e21\u0e32\u0e08\u0e32\u0e01 <\/p>\n<ul> \u0e41\u0e25\u0e49\u0e27 --><\/p><h3 style=\"margin-top: 1em; font-size: 1.5em; font-weight: 500;\"><strong>Local Organizing Committee &#8211; Mahanakorn University of Technology (MUT)<\/strong><\/h3><p><!-- \u0e40\u0e23\u0e34\u0e48\u0e21 <\/p>\n<ul> \u0e43\u0e2b\u0e21\u0e48 \u0e2a\u0e33\u0e2b\u0e23\u0e31\u0e1a MUT --><\/p><ul><li><strong>Honorary Advisor<\/strong><br \/>Assoc. Prof. Dr. Panavy Pookaiyaudom<\/li><li><strong>Senior Advisor<\/strong><br \/>Asst. Prof. Dr. Porntep Puangprakhon<\/li><li><strong>General Chair<\/strong><br \/>Prof. Dr. Smith Eiamsa-ard<\/li><li><strong>Co-Chair<\/strong><br \/>Assoc. Prof. Dr. Khwanchit Wongcharee<br \/>Asst. Prof. Dr. Wayo Changcharoen<br \/>Asst. Prof. Dr. Panida Seemawut<\/li><li><strong>Secretary &amp; Finance and Registration Committee<\/strong><br \/>Asst. Prof. Dr. Arnut Phila<\/li><li><strong>Technical Committee<\/strong><br \/>Assoc. Prof. Dr. Prasan Sathitruangsak<br \/>Asst. Prof. Dr. Yos Sompornjaroensuk<\/li><li><strong>Publication Committee<\/strong><br \/>Asst. Prof. Dr. Krit Ruengpayungsak<br \/>Lect. Khantapoat Srisathit<\/li><li><strong>Sponsorship &amp; Fundraising Committee<\/strong><br \/>Lect. Narissara Khamtanee<br \/>Ms. Kanchana Tongtus<\/li><li><strong>Logistics and Venue Management<\/strong><br \/>Asst. Prof. Dr. Warin Keaitnukul<br \/>Asst. Prof. Dr. Prachaya Samruaisin<br \/>Asst. Prof. Sarawut Sungworagan<br \/>Mr. Paphob Ruenroeng<\/li><li><strong>Public Relations and Media<\/strong><br \/>Asst. Prof. Supapat Pingta<br \/>Lect. Piphatpong Thapmanee<br \/>Mr. Pichit Kaewkosum<br \/>Ms. Pimnipa Sumetheesirisakul<\/li><\/ul><p><strong style=\"font-family: -apple-system, 'Helvetica Neue', sans-serif; font-size: 1.4em;\">International Scientific Committee<\/strong><\/p><ul><li>Prof. Dr. Ashwani K. Gupta, University of Maryland, USA<\/li><li>Prof. Dr. Adrian Bejan, Duke University, USA<\/li><li>Prof. Dr. Nicholas Xuanlai Fang, MIT, USA<\/li><li>Prof. Dr. Narita Yoshihiro, Hokkaido University, JAPAN<\/li><li>Prof. Dr. Ning Zhu, Shizuoka Institute of Science and Technology, JAPAN<\/li><li>Prof. Dr. Katsunori Hanamura, Tokyo Institute of Technology, JAPAN<\/li><li>Prof. Dr. Jens N\u00f8rk\u00e6r S\u00f8rensen, Technical University of Denmark, DENMARK<\/li><li>Prof. Dr. Ashim K. Datta, Cornell University, USA<\/li><li>Prof. Dr. Kambiz Vafai, University of California, USA<\/li><li>Assoc. Prof. Dr. Renkun Chen, University of California, USA<\/li><li>Prof. Dr. Yoshiharu Mutoh, Nagaoka University of Technology, JAPAN<\/li><li>Prof. Dr. Naoki Maruyama, Mie University, JAPAN<\/li><li>Prof. Dr. Takeshi Asai, University of Tsukuba, JAPAN<\/li><li>Prof. Dr. Arun S. Mujumdar, Hong Kong University of Science &amp; Technology, HONG KONG<\/li><li>Prof. Dr. Seokwoo Jeon, KAIST, REPUBLIC OF KOREA<\/li><li>Assoc. Prof. Dr. Elmi Abu Bakar, Universiti Sains Malaysia, MALAYSIA<\/li><li>Prof. Dr. Pham Tuan Anh, Ho Chi Minh City University of Technology, VIETNAM<\/li><li>Assoc. Prof. Dr. Iman K. Reksowardojo, Institute of Technology, Bandung, INDONESIA<\/li><li>Prof. Dr. Le Anh Tuan, Hanoi University of Science and Technology, VIETNAM<\/li><li>Prof. Dr. Ocktaeck Lim, University of Ulsan, REPUBLIC OF KOREA<\/li><li>Dr. Huynh Thanh Cong, Ho Chi Minh City University of Technology, VIETNAM<\/li><li>Prof. Dr. Hendri Syamsudin, Institut Teknologi Bandung, INDONESIA<\/li><li>Assoc. Prof. Dr. Pham Huu Tuyen, Hanoi University of Science and Technology, VIETNAM<\/li><li>Prof. Dr. Hironori Saitoh, Sojo University, JAPAN<\/li><li>Prof. Dr. Jau-Huai Lu, National Chung Hsing University, TAIWAN<\/li><li>Ybhg. Prof. Ir. Dr. Mohd, Khairol Anuar Bin Mohd Ariffin, University Putra Malaysia, MALAYSIA<\/li><li>Dr. Ong Hwai Chyuan, University of Malaysia, MALAYSIA<\/li><li>Prof. Dr. Younho Cho, Pusan National University, REPUBLIC OF KOREA<\/li><li>Prof. Dr. Park Chan IL, Gangneung-Wonju National University, REPUBLIC OF KOREA<\/li><li>Prof. Dr. Chisachi Kato, JSME, JAPAN<\/li><li>Prof. Dr. Shuichiro Hirai, Tokyo Institute of Technology, JAPAN<\/li><\/ul><h3><strong>Local Scientific Committee<\/strong><\/h3><ul><li>Prof. Dr. Sumrerng Jugjai, King Mongkut&#8217;s University of Technology Thonburi \u2013 Alternative Energy and Combustion (AEC)<\/li><li>Gp. Capt. Prof. Dr. Prasatporn Wongkamchang, Navaminda Kasatriyadhiraj Royal Air Force Academy \u2013 Automotive, Aerospace and Marine Engineering (AME)<\/li><li>Assoc. Prof. Dr. Vitoon Uthaisangsuk, King Mongkut&#8217;s University of Technology Thonburi \u2013 Applied Mechanics, Materials and Manufacturing (AMM)<\/li><li>Assoc. Prof. Dr. Jackrit Suthakorn, Mahidol University \u2013 Biomechanics and Bioengineering (BME)<\/li><li>Prof. Dr. Phadungsak Rattanadecho, Thammasat University \u2013 Computation and Simulation Techniques (CST)<\/li><li>Prof. Dr. Suwat Kuntanapreeda, King Mongkut&#8217;s University of Technology North Bangkok \u2013 Dynamic Systems, Robotics and Controls (DRC)<\/li><li>Prof. Dr. Kulachate Piamthong, Ubon Ratchathani University \u2013 Engineering Education (EDU)<\/li><li>Prof. Dr. Jaruwat Charoensuk, King Mongkut&#8217;s Institute of Technology Ladkrabang \u2013 Energy Technology and Management (ETM)<\/li><li>Prof. Dr. Somchai Wongwises, King Mongkut&#8217;s University of Technology Thonburi \u2013 Thermal System and Fluid Mechanics (TSF)<\/li><li>Prof. Dr. Atch Sreshthaputra, Chulalongkorn University \u2013 Smart Building and Sustainable Technology (SBT)<\/li><\/ul><p>\u00a0<\/p>\t\t\t\t\t\t\t\t<\/div>\n\t\t\t\t\t<\/div>\n\t\t\t\t<\/div>\n\t\t\t\t<\/div>\n\t\t","protected":false},"excerpt":{"rendered":"<p>Committee Thai Society of Mechanical Engineers (TSME) Organizing Committee Honorary ChairProf. Dr. Smith Eiamsa-ard, President Vice PresidentsAssoc. Prof. Dr. Amornrat KaewpradapProf. Dr. Pairod Singhatanadgid ReceptionistAsst. Prof. Dr. Pornthip Keangin RegistrarAssoc. Prof. Dr. Pitak Promthaisong Public RelationsAsst. Prof. Dr. Arnut Phila TreasurerAsst. Prof. Dr. Sopida Sungsontorn SecretaryAsst. Prof. Dr. Ponepen Laphirattanakul Committee MembersAssoc. Prof. Dr. Nattadon [&hellip;]<\/p>\n","protected":false},"author":2,"featured_media":0,"parent":0,"menu_order":0,"comment_status":"closed","ping_status":"closed","template":"elementor_header_footer","meta":{"_acf_changed":false,"footnotes":""},"class_list":["post-2241","page","type-page","status-publish","hentry"],"yoast_head":"<!-- This site is optimized with the Yoast SEO plugin v26.3 - https:\/\/yoast.com\/wordpress\/plugins\/seo\/ -->\n<title>Committee - TSME-ICoME 2025<\/title>\n<meta name=\"robots\" content=\"index, follow, max-snippet:-1, max-image-preview:large, max-video-preview:-1\" \/>\n<link rel=\"canonical\" href=\"https:\/\/tsme.org\/icome2025\/committee\/\" \/>\n<meta property=\"og:locale\" content=\"en_US\" \/>\n<meta property=\"og:type\" content=\"article\" \/>\n<meta property=\"og:title\" content=\"Committee - TSME-ICoME 2025\" \/>\n<meta property=\"og:description\" content=\"Committee Thai Society of Mechanical Engineers (TSME) Organizing Committee Honorary ChairProf. Dr. Smith Eiamsa-ard, President Vice PresidentsAssoc. Prof. Dr. Amornrat KaewpradapProf. Dr. Pairod Singhatanadgid ReceptionistAsst. Prof. Dr. Pornthip Keangin RegistrarAssoc. Prof. Dr. Pitak Promthaisong Public RelationsAsst. Prof. Dr. Arnut Phila TreasurerAsst. Prof. Dr. Sopida Sungsontorn SecretaryAsst. Prof. Dr. Ponepen Laphirattanakul Committee MembersAssoc. Prof. Dr. Nattadon [&hellip;]\" \/>\n<meta property=\"og:url\" content=\"https:\/\/tsme.org\/icome2025\/committee\/\" \/>\n<meta property=\"og:site_name\" content=\"TSME-ICoME 2025\" \/>\n<meta property=\"article:modified_time\" content=\"2025-12-03T07:42:21+00:00\" \/>\n<meta name=\"twitter:card\" content=\"summary_large_image\" \/>\n<meta name=\"twitter:label1\" content=\"Est. reading time\" \/>\n\t<meta name=\"twitter:data1\" content=\"4 minutes\" \/>\n<script type=\"application\/ld+json\" class=\"yoast-schema-graph\">{\"@context\":\"https:\/\/schema.org\",\"@graph\":[{\"@type\":\"WebPage\",\"@id\":\"https:\/\/tsme.org\/icome2025\/committee\/\",\"url\":\"https:\/\/tsme.org\/icome2025\/committee\/\",\"name\":\"Committee - TSME-ICoME 2025\",\"isPartOf\":{\"@id\":\"https:\/\/tsme.org\/icome2025\/#website\"},\"datePublished\":\"2024-11-29T15:23:24+00:00\",\"dateModified\":\"2025-12-03T07:42:21+00:00\",\"breadcrumb\":{\"@id\":\"https:\/\/tsme.org\/icome2025\/committee\/#breadcrumb\"},\"inLanguage\":\"en-US\",\"potentialAction\":[{\"@type\":\"ReadAction\",\"target\":[\"https:\/\/tsme.org\/icome2025\/committee\/\"]}]},{\"@type\":\"BreadcrumbList\",\"@id\":\"https:\/\/tsme.org\/icome2025\/committee\/#breadcrumb\",\"itemListElement\":[{\"@type\":\"ListItem\",\"position\":1,\"name\":\"Home\",\"item\":\"https:\/\/tsme.org\/icome2025\/\"},{\"@type\":\"ListItem\",\"position\":2,\"name\":\"Committee\"}]},{\"@type\":\"WebSite\",\"@id\":\"https:\/\/tsme.org\/icome2025\/#website\",\"url\":\"https:\/\/tsme.org\/icome2025\/\",\"name\":\"pinto hub\",\"description\":\"\",\"publisher\":{\"@id\":\"https:\/\/tsme.org\/icome2025\/#organization\"},\"potentialAction\":[{\"@type\":\"SearchAction\",\"target\":{\"@type\":\"EntryPoint\",\"urlTemplate\":\"https:\/\/tsme.org\/icome2025\/?s={search_term_string}\"},\"query-input\":{\"@type\":\"PropertyValueSpecification\",\"valueRequired\":true,\"valueName\":\"search_term_string\"}}],\"inLanguage\":\"en-US\"},{\"@type\":\"Organization\",\"@id\":\"https:\/\/tsme.org\/icome2025\/#organization\",\"name\":\"pinto hub\",\"url\":\"https:\/\/tsme.org\/icome2025\/\",\"logo\":{\"@type\":\"ImageObject\",\"inLanguage\":\"en-US\",\"@id\":\"https:\/\/tsme.org\/icome2025\/#\/schema\/logo\/image\/\",\"url\":\"https:\/\/tsme.org\/icome2025\/wp-content\/uploads\/2024\/11\/cropped-Logos3.png\",\"contentUrl\":\"https:\/\/tsme.org\/icome2025\/wp-content\/uploads\/2024\/11\/cropped-Logos3.png\",\"width\":1196,\"height\":1284,\"caption\":\"pinto hub\"},\"image\":{\"@id\":\"https:\/\/tsme.org\/icome2025\/#\/schema\/logo\/image\/\"}}]}<\/script>\n<!-- \/ Yoast SEO plugin. -->","yoast_head_json":{"title":"Committee - TSME-ICoME 2025","robots":{"index":"index","follow":"follow","max-snippet":"max-snippet:-1","max-image-preview":"max-image-preview:large","max-video-preview":"max-video-preview:-1"},"canonical":"https:\/\/tsme.org\/icome2025\/committee\/","og_locale":"en_US","og_type":"article","og_title":"Committee - TSME-ICoME 2025","og_description":"Committee Thai Society of Mechanical Engineers (TSME) Organizing Committee Honorary ChairProf. Dr. Smith Eiamsa-ard, President Vice PresidentsAssoc. Prof. Dr. Amornrat KaewpradapProf. Dr. Pairod Singhatanadgid ReceptionistAsst. Prof. Dr. Pornthip Keangin RegistrarAssoc. Prof. Dr. Pitak Promthaisong Public RelationsAsst. Prof. Dr. Arnut Phila TreasurerAsst. Prof. Dr. Sopida Sungsontorn SecretaryAsst. Prof. Dr. Ponepen Laphirattanakul Committee MembersAssoc. Prof. Dr. Nattadon [&hellip;]","og_url":"https:\/\/tsme.org\/icome2025\/committee\/","og_site_name":"TSME-ICoME 2025","article_modified_time":"2025-12-03T07:42:21+00:00","twitter_card":"summary_large_image","twitter_misc":{"Est. reading time":"4 minutes"},"schema":{"@context":"https:\/\/schema.org","@graph":[{"@type":"WebPage","@id":"https:\/\/tsme.org\/icome2025\/committee\/","url":"https:\/\/tsme.org\/icome2025\/committee\/","name":"Committee - TSME-ICoME 2025","isPartOf":{"@id":"https:\/\/tsme.org\/icome2025\/#website"},"datePublished":"2024-11-29T15:23:24+00:00","dateModified":"2025-12-03T07:42:21+00:00","breadcrumb":{"@id":"https:\/\/tsme.org\/icome2025\/committee\/#breadcrumb"},"inLanguage":"en-US","potentialAction":[{"@type":"ReadAction","target":["https:\/\/tsme.org\/icome2025\/committee\/"]}]},{"@type":"BreadcrumbList","@id":"https:\/\/tsme.org\/icome2025\/committee\/#breadcrumb","itemListElement":[{"@type":"ListItem","position":1,"name":"Home","item":"https:\/\/tsme.org\/icome2025\/"},{"@type":"ListItem","position":2,"name":"Committee"}]},{"@type":"WebSite","@id":"https:\/\/tsme.org\/icome2025\/#website","url":"https:\/\/tsme.org\/icome2025\/","name":"pinto hub","description":"","publisher":{"@id":"https:\/\/tsme.org\/icome2025\/#organization"},"potentialAction":[{"@type":"SearchAction","target":{"@type":"EntryPoint","urlTemplate":"https:\/\/tsme.org\/icome2025\/?s={search_term_string}"},"query-input":{"@type":"PropertyValueSpecification","valueRequired":true,"valueName":"search_term_string"}}],"inLanguage":"en-US"},{"@type":"Organization","@id":"https:\/\/tsme.org\/icome2025\/#organization","name":"pinto hub","url":"https:\/\/tsme.org\/icome2025\/","logo":{"@type":"ImageObject","inLanguage":"en-US","@id":"https:\/\/tsme.org\/icome2025\/#\/schema\/logo\/image\/","url":"https:\/\/tsme.org\/icome2025\/wp-content\/uploads\/2024\/11\/cropped-Logos3.png","contentUrl":"https:\/\/tsme.org\/icome2025\/wp-content\/uploads\/2024\/11\/cropped-Logos3.png","width":1196,"height":1284,"caption":"pinto hub"},"image":{"@id":"https:\/\/tsme.org\/icome2025\/#\/schema\/logo\/image\/"}}]}},"acf":[],"_links":{"self":[{"href":"https:\/\/tsme.org\/icome2025\/wp-json\/wp\/v2\/pages\/2241","targetHints":{"allow":["GET"]}}],"collection":[{"href":"https:\/\/tsme.org\/icome2025\/wp-json\/wp\/v2\/pages"}],"about":[{"href":"https:\/\/tsme.org\/icome2025\/wp-json\/wp\/v2\/types\/page"}],"author":[{"embeddable":true,"href":"https:\/\/tsme.org\/icome2025\/wp-json\/wp\/v2\/users\/2"}],"replies":[{"embeddable":true,"href":"https:\/\/tsme.org\/icome2025\/wp-json\/wp\/v2\/comments?post=2241"}],"version-history":[{"count":0,"href":"https:\/\/tsme.org\/icome2025\/wp-json\/wp\/v2\/pages\/2241\/revisions"}],"wp:attachment":[{"href":"https:\/\/tsme.org\/icome2025\/wp-json\/wp\/v2\/media?parent=2241"}],"curies":[{"name":"wp","href":"https:\/\/api.w.org\/{rel}","templated":true}]}}